{"id":388,"date":"2020-06-03T12:08:39","date_gmt":"2020-06-03T10:08:39","guid":{"rendered":"http:\/\/wemigrants.com\/index.php\/unsere-vision\/"},"modified":"2020-06-03T12:10:06","modified_gmt":"2020-06-03T10:10:06","slug":"unsere-vision","status":"publish","type":"page","link":"https:\/\/wemigrants.com\/index.php\/ueber-uns\/unsere-vision\/?lang=de","title":{"rendered":"Unsere Vision"},"content":{"rendered":"\n<p class=\"has-text-color has-vivid-green-cyan-color\">Wir glauben, dass Integration erfolgreich sein wird, wenn Fl\u00fcchtlinge ihre Probleme unabh\u00e4ngig l\u00f6sen k\u00f6nnen. Um dies zu erm\u00f6glichen, darf Wissen nicht monopolisiert, sondern gemeinsam gesammelt und allen zug\u00e4nglich gemacht werden. Deshalb wollen wir Fl\u00fcchtlinge, Migranten, Freiwillige und sogar Experten f\u00fcr Fl\u00fcchtlingsarbeit unterst\u00fctzen, die sich gegenseitig helfen, einen nachhaltigen Zugang zu Einwanderungswissen zu erm\u00f6glichen.<\/p>\n\n<p class=\"has-text-color has-vivid-green-cyan-color\">Auf diese Weise wird sich \u201eWe Migrants\u201c durch Unterst\u00fctzungsprogramme und einen effektiven Informationstransfer \u00fcber unsere Website f\u00fcr Fl\u00fcchtlinge und Migranten erleichtern und informieren. Wir glauben, dass Integration m\u00f6glich ist, wenn Fl\u00fcchtlinge aktiv an der Generierung von L\u00f6sungen beteiligt sind und Wissen nicht monopolisiert und auf eine kleine Anzahl von Menschen beschr\u00e4nkt werden sollte, sondern kollektiv gesammelt und f\u00fcr alle zug\u00e4nglich sein sollte.<\/p>\n","protected":false},"excerpt":{"rendered":"<p>Wir glauben, dass Integration erfolgreich sein wird, wenn Fl\u00fcchtlinge ihre Probleme unabh\u00e4ngig l\u00f6sen k\u00f6nnen. Um dies zu erm\u00f6glichen, darf Wissen nicht monopolisiert, sondern gemeinsam gesammelt und allen zug\u00e4nglich gemacht werden. Deshalb wollen wir Fl\u00fcchtlinge, Migranten, [&hellip;]<\/p>\n","protected":false},"author":3,"featured_media":0,"parent":484,"menu_order":0,"comment_status":"closed","ping_status":"closed","template":"","meta":{"footnotes":""},"class_list":["post-388","page","type-page","status-publish","hentry"],"jetpack-related-posts":[],"jetpack_sharing_enabled":true,"_links":{"self":[{"href":"https:\/\/wemigrants.com\/index.php\/wp-json\/wp\/v2\/pages\/388","targetHints":{"allow":["GET"]}}],"collection":[{"href":"https:\/\/wemigrants.com\/index.php\/wp-json\/wp\/v2\/pages"}],"about":[{"href":"https:\/\/wemigrants.com\/index.php\/wp-json\/wp\/v2\/types\/page"}],"author":[{"embeddable":true,"href":"https:\/\/wemigrants.com\/index.php\/wp-json\/wp\/v2\/users\/3"}],"replies":[{"embeddable":true,"href":"https:\/\/wemigrants.com\/index.php\/wp-json\/wp\/v2\/comments?post=388"}],"version-history":[{"count":5,"href":"https:\/\/wemigrants.com\/index.php\/wp-json\/wp\/v2\/pages\/388\/revisions"}],"predecessor-version":[{"id":393,"href":"https:\/\/wemigrants.com\/index.php\/wp-json\/wp\/v2\/pages\/388\/revisions\/393"}],"up":[{"embeddable":true,"href":"https:\/\/wemigrants.com\/index.php\/wp-json\/wp\/v2\/pages\/484"}],"wp:attachment":[{"href":"https:\/\/wemigrants.com\/index.php\/wp-json\/wp\/v2\/media?parent=388"}],"curies":[{"name":"wp","href":"https:\/\/api.w.org\/{rel}","templated":true}]}}