{"id":419,"date":"2020-06-03T16:23:05","date_gmt":"2020-06-03T14:23:05","guid":{"rendered":"http:\/\/wemigrants.com\/index.php\/sponsoren-unterstuetzer\/"},"modified":"2020-06-03T16:23:05","modified_gmt":"2020-06-03T14:23:05","slug":"sponsoren-unterstuetzer","status":"publish","type":"page","link":"https:\/\/wemigrants.com\/index.php\/sponsoren-unterstuetzer\/?lang=de","title":{"rendered":"Sponsoren \/ Unterst\u00fctzer"},"content":{"rendered":"\n<p>Die Plattform &#8220;We Migrants&#8221; k\u00f6nnte ohne die Hilfe einer Institution in der Stadt Oldenburg nicht realisiert werden.<\/p>\n\n<p>W\u00e4hrend der ersten Periode unserer Seite, von 1. April 2020 bis zum Ende des Juni 2020 unser Projekt wurde gef\u00f6rdert und unterst\u00fctzt von 2 sonstigen Stellen der Stadt Oldenburg. Das <a href=\"https:\/\/www.oldenburg.de\/startseite\/buergerservice\/osiris\/organisation\/organisation\/amt-fuer-zuwanderung-und-integration.html\" target=\"_blank\" rel=\"noopener noreferrer\">Amt f\u00fcr Zuwanderung und Integration<\/a> und das <a href=\"https:\/\/www.oldenburg.de\/startseite\/kultur\/kulturbuero.html\" target=\"_blank\" rel=\"noopener noreferrer\">Kulturb\u00fcro Stadt Oldenburg<\/a>. <span class=\"tlid-translation translation\" lang=\"de\" tabindex=\"-1\"><span class=\"\" title=\"\">Vor allem m\u00f6chten wir uns beim <a href=\"http:\/\/foerderverein-dietrichsfeld.de\/\" target=\"_blank\" rel=\"noopener noreferrer\">F\u00f6rderverein Dietrichsfeld e.V<\/a> f\u00fcr die Unterst\u00fctzung und die Hilfe bei der Verwirklichung unserer Vision bedanken.<\/span><\/span>. Wir m\u00f6chten uns auch beim<a href=\"https:\/\/www.oeins.de\/home\/\" target=\"_blank\" rel=\"noopener noreferrer\"> Oeins<\/a> Project, <a href=\"https:\/\/www.radioglobale.de\/\" target=\"_blank\" rel=\"noopener noreferrer\">Radio Globale<\/a>, bedanken, das uns erlaubt hat, einige Clips aus ihren journalistischen St\u00fccken zu verwenden, die sie in den letzten Jahren erstellt haben.<\/p>\n\n<div class=\"wp-block-image\"><figure class=\"alignleft size-medium\"><a href=\"https:\/\/www.oldenburg.de\/startseite\/buergerservice\/osiris\/organisation\/organisation\/amt-fuer-zuwanderung-und-integration.html\" target=\"_blank\" rel=\"noopener noreferrer\"><img data-recalc-dims=\"1\" height=\"74\" width=\"300\" decoding=\"async\" src=\"https:\/\/i0.wp.com\/wemigrants.com\/wp-content\/uploads\/2020\/05\/Logo_Amt-f%C3%BCr-Zuwanderung-und-Integration_Stadt-Oldenburg-300x74.jpg?resize=300%2C74&#038;ssl=1\" alt=\"Amt f&#xFC;r Zuwanderung und Integration Stadt Oldenburg\" class=\"wp-image-307\"\/><\/a><\/figure><\/div>\n\n<div class=\"wp-block-image\"><figure class=\"alignleft size-medium\"><a href=\"https:\/\/www.oldenburg.de\/startseite\/kultur\/kulturbuero.html\" target=\"_blank\" rel=\"noopener noreferrer\"><img data-recalc-dims=\"1\" height=\"74\" width=\"300\" decoding=\"async\" src=\"https:\/\/i0.wp.com\/wemigrants.com\/wp-content\/uploads\/2020\/05\/Logo-Kulturb%C3%BCro_farbig-300x74.jpg?resize=300%2C74&#038;ssl=1\" alt=\"Kulturb&#xFC;ro Stadt Oldenburg\" class=\"wp-image-308\"\/><\/a><\/figure><\/div>\n\n<figure class=\"wp-block-image size-medium is-resized\"><a href=\"http:\/\/foerderverein-dietrichsfeld.de\" target=\"_blank\" rel=\"noopener noreferrer\"><img data-recalc-dims=\"1\" decoding=\"async\" src=\"https:\/\/i0.wp.com\/wemigrants.com\/wp-content\/uploads\/2020\/05\/Logo1-300x159.png?resize=277%2C143&#038;ssl=1\" alt=\"\" class=\"wp-image-309\" width=\"277\" height=\"143\"\/><\/a><\/figure>\n<p><\/p>\n","protected":false},"excerpt":{"rendered":"<p>Die Plattform &#8220;We Migrants&#8221; k\u00f6nnte ohne die Hilfe einer Institution in der Stadt Oldenburg nicht realisiert werden. W\u00e4hrend der ersten Periode unserer Seite, von 1. April 2020 bis zum Ende des Juni 2020 unser Projekt [&hellip;]<\/p>\n","protected":false},"author":1,"featured_media":0,"parent":0,"menu_order":0,"comment_status":"closed","ping_status":"closed","template":"","meta":{"footnotes":""},"class_list":["post-419","page","type-page","status-publish","hentry"],"jetpack-related-posts":[],"jetpack_sharing_enabled":true,"_links":{"self":[{"href":"https:\/\/wemigrants.com\/index.php\/wp-json\/wp\/v2\/pages\/419","targetHints":{"allow":["GET"]}}],"collection":[{"href":"https:\/\/wemigrants.com\/index.php\/wp-json\/wp\/v2\/pages"}],"about":[{"href":"https:\/\/wemigrants.com\/index.php\/wp-json\/wp\/v2\/types\/page"}],"author":[{"embeddable":true,"href":"https:\/\/wemigrants.com\/index.php\/wp-json\/wp\/v2\/users\/1"}],"replies":[{"embeddable":true,"href":"https:\/\/wemigrants.com\/index.php\/wp-json\/wp\/v2\/comments?post=419"}],"version-history":[{"count":1,"href":"https:\/\/wemigrants.com\/index.php\/wp-json\/wp\/v2\/pages\/419\/revisions"}],"predecessor-version":[{"id":420,"href":"https:\/\/wemigrants.com\/index.php\/wp-json\/wp\/v2\/pages\/419\/revisions\/420"}],"wp:attachment":[{"href":"https:\/\/wemigrants.com\/index.php\/wp-json\/wp\/v2\/media?parent=419"}],"curies":[{"name":"wp","href":"https:\/\/api.w.org\/{rel}","templated":true}]}}