{"id":484,"date":"2020-06-03T20:27:35","date_gmt":"2020-06-03T18:27:35","guid":{"rendered":"http:\/\/wemigrants.com\/index.php\/ueber-uns\/"},"modified":"2020-06-03T20:27:35","modified_gmt":"2020-06-03T18:27:35","slug":"ueber-uns","status":"publish","type":"page","link":"https:\/\/wemigrants.com\/index.php\/ueber-uns\/?lang=de","title":{"rendered":"\u00dcber uns"},"content":{"rendered":"\t\t<div data-elementor-type=\"wp-post\" data-elementor-id=\"484\" class=\"elementor elementor-484 elementor-155\" data-elementor-settings=\"{&quot;ha_cmc_init_switcher&quot;:&quot;no&quot;}\" data-elementor-post-type=\"page\">\n\t\t\t\t\t\t<section class=\"elementor-section elementor-top-section elementor-element elementor-element-763d909 elementor-section-boxed elementor-section-height-default elementor-section-height-default\" data-id=\"763d909\" data-element_type=\"section\" data-settings=\"{&quot;background_background&quot;:&quot;classic&quot;,&quot;_ha_eqh_enable&quot;:false}\">\n\t\t\t\t\t\t<div class=\"elementor-container elementor-column-gap-default\">\n\t\t\t\t\t<div class=\"elementor-column elementor-col-100 elementor-top-column elementor-element elementor-element-7e9b0e8\" data-id=\"7e9b0e8\" data-element_type=\"column\">\n\t\t\t<div class=\"elementor-widget-wrap elementor-element-populated\">\n\t\t\t\t\t\t<section class=\"elementor-section elementor-inner-section elementor-element elementor-element-add3eea elementor-section-boxed elementor-section-height-default elementor-section-height-default\" data-id=\"add3eea\" data-element_type=\"section\" data-settings=\"{&quot;_ha_eqh_enable&quot;:false}\">\n\t\t\t\t\t\t<div class=\"elementor-container elementor-column-gap-default\">\n\t\t\t\t\t<div class=\"elementor-column elementor-col-50 elementor-inner-column elementor-element elementor-element-704d28f\" data-id=\"704d28f\" data-element_type=\"column\">\n\t\t\t<div class=\"elementor-widget-wrap\">\n\t\t\t\t\t\t\t<\/div>\n\t\t<\/div>\n\t\t\t\t<div class=\"elementor-column elementor-col-50 elementor-inner-column elementor-element elementor-element-73bb8f3\" data-id=\"73bb8f3\" data-element_type=\"column\">\n\t\t\t<div class=\"elementor-widget-wrap\">\n\t\t\t\t\t\t\t<\/div>\n\t\t<\/div>\n\t\t\t\t\t<\/div>\n\t\t<\/section>\n\t\t\t\t\t<\/div>\n\t\t<\/div>\n\t\t\t\t\t<\/div>\n\t\t<\/section>\n\t\t\t\t<section class=\"elementor-section elementor-top-section elementor-element elementor-element-3141a21 elementor-section-height-full elementor-section-items-top elementor-section-content-top elementor-section-boxed elementor-section-height-default\" data-id=\"3141a21\" data-element_type=\"section\" data-settings=\"{&quot;background_background&quot;:&quot;classic&quot;,&quot;_ha_eqh_enable&quot;:false}\">\n\t\t\t\t\t\t<div class=\"elementor-container elementor-column-gap-default\">\n\t\t\t\t\t<div class=\"elementor-column elementor-col-100 elementor-top-column elementor-element elementor-element-4c81154\" data-id=\"4c81154\" data-element_type=\"column\" data-settings=\"{&quot;background_background&quot;:&quot;classic&quot;}\">\n\t\t\t<div class=\"elementor-widget-wrap elementor-element-populated\">\n\t\t\t\t\t\t<div class=\"elementor-element elementor-element-f171a6b elementor-widget elementor-widget-heading\" data-id=\"f171a6b\" data-element_type=\"widget\" data-widget_type=\"heading.default\">\n\t\t\t\t<div class=\"elementor-widget-container\">\n\t\t\t\t\t<p class=\"elementor-heading-title elementor-size-default\"> <\/p>\t\t\t\t<\/div>\n\t\t\t\t<\/div>\n\t\t\t\t<div class=\"elementor-element elementor-element-9171bb3 ha-has-bg-overlay elementor-widget elementor-widget-heading\" data-id=\"9171bb3\" data-element_type=\"widget\" data-widget_type=\"heading.default\">\n\t\t\t\t<div class=\"elementor-widget-container\">\n\t\t\t\t\t<h1 class=\"elementor-heading-title elementor-size-default\">Unsere Geschichte<\/h1>\t\t\t\t<\/div>\n\t\t\t\t<\/div>\n\t\t\t\t<div class=\"elementor-element elementor-element-e9179ff elementor-widget elementor-widget-text-editor\" data-id=\"e9179ff\" data-element_type=\"widget\" data-widget_type=\"text-editor.default\">\n\t\t\t\t<div class=\"elementor-widget-container\">\n\t\t\t\t\t\t\t\t\t<p>Die Idee f\u00fcr WeMigrants kam 2019 von einem gambischen Migranten in Deutschland, Seedy Saidykhan, der Gr\u00fcnder einer Fl\u00fcchtlingsplattform auf Facebook und YouTube, und gr\u00fcndete zusammen mit seinem Freund, einem griechischen Migranten in Deutschland, Tom Tziros, die Plattform im Jahr 2020. Im Rahmen seiner Arbeit hielt er es f\u00fcr notwendig, eine informative Website f\u00fcr Fl\u00fcchtlinge und Migranten zu erstellen, um eine einzigartige Kommunikationsstruktur mit ausgewogenen Informationen zu bieten<\/p>\n<p>Seedys Plattform, die bereits auf Facebook existiert, war f\u00fcr viele Migranten auf unterschiedliche Weise sehr n\u00fctzlich und er dachte, es sollte eine organisierte Plattform f\u00fcr Migranten-Hilfe-Migranten geben! Mit mehr Potenzial zu helfen und zu unterst\u00fctzen. Nach Recherchen und einem Co-Design-Workshop mit Fl\u00fcchtlingen und anderen Akteuren der Fl\u00fcchtlingshilfe im Jahr 2019 hat Seedy seine Idee Anfang 2020 in die Praxis umgesetzt. Mit Tausenden von Treffern und mehreren hundert Fragen wurde im ersten Monat klar, dass das Konzept angenommen wurde von der Stadt Oldenburg und zun\u00e4chst von ihr unterst\u00fctzt<\/p>\n<p>Tom Tziros unterst\u00fctzte das Konzept im Januar 2020, um das Programm mit Seedy Saidykhan zu erweitern und ein Team zusammenzustellen. Im April beschlossen sie, \u201eWe Migrants\u201c zu ihrer Hauptaufgabe zu machen, und gr\u00fcndeten die Plattform \u201eWe Migrants\u201c. Die erste Arbeit von Seedy, Tom und ihrem Team wurde auch durch die Unterst\u00fctzung des F\u00f6rdervereins Dietrichsfeld e.V und der Stadt Oldenburg erm\u00f6glicht.<\/p>\n\t\t\t\t\t\t\t\t<\/div>\n\t\t\t\t<\/div>\n\t\t\t\t\t<\/div>\n\t\t<\/div>\n\t\t\t\t\t<\/div>\n\t\t<\/section>\n\t\t\t\t<\/div>\n\t\t","protected":false},"excerpt":{"rendered":"<p>Unsere Geschichte Die Idee f\u00fcr WeMigrants kam 2019 von einem gambischen Migranten in Deutschland, Seedy Saidykhan, der Gr\u00fcnder einer Fl\u00fcchtlingsplattform auf Facebook und YouTube, und gr\u00fcndete zusammen mit seinem Freund, einem griechischen Migranten in Deutschland, [&hellip;]<\/p>\n","protected":false},"author":3,"featured_media":0,"parent":0,"menu_order":0,"comment_status":"closed","ping_status":"closed","template":"templates\/builder.php","meta":{"footnotes":""},"class_list":["post-484","page","type-page","status-publish","hentry"],"jetpack-related-posts":[],"jetpack_sharing_enabled":true,"_links":{"self":[{"href":"https:\/\/wemigrants.com\/index.php\/wp-json\/wp\/v2\/pages\/484","targetHints":{"allow":["GET"]}}],"collection":[{"href":"https:\/\/wemigrants.com\/index.php\/wp-json\/wp\/v2\/pages"}],"about":[{"href":"https:\/\/wemigrants.com\/index.php\/wp-json\/wp\/v2\/types\/page"}],"author":[{"embeddable":true,"href":"https:\/\/wemigrants.com\/index.php\/wp-json\/wp\/v2\/users\/3"}],"replies":[{"embeddable":true,"href":"https:\/\/wemigrants.com\/index.php\/wp-json\/wp\/v2\/comments?post=484"}],"version-history":[{"count":1,"href":"https:\/\/wemigrants.com\/index.php\/wp-json\/wp\/v2\/pages\/484\/revisions"}],"predecessor-version":[{"id":489,"href":"https:\/\/wemigrants.com\/index.php\/wp-json\/wp\/v2\/pages\/484\/revisions\/489"}],"wp:attachment":[{"href":"https:\/\/wemigrants.com\/index.php\/wp-json\/wp\/v2\/media?parent=484"}],"curies":[{"name":"wp","href":"https:\/\/api.w.org\/{rel}","templated":true}]}}