{"id":502,"date":"2020-06-05T13:30:38","date_gmt":"2020-06-05T11:30:38","guid":{"rendered":"http:\/\/wemigrants.com\/index.php\/datenschutz\/"},"modified":"2026-01-30T22:14:32","modified_gmt":"2026-01-30T21:14:32","slug":"datenschutz","status":"publish","type":"page","link":"https:\/\/wemigrants.com\/index.php\/datenschutz\/?lang=de","title":{"rendered":"Datenschutz"},"content":{"rendered":"\n<h2 class=\"wp-block-heading\">Wer wir sind<\/h2>\n\n<p>Wemigrants.de ist derzeit nur eine Plattform keine Unternehmen oder Verein. Im Moment sind wir ein kleines Team von zwei Personen, die versuchen, die Plattform zu leiten, um ein gr\u00f6\u00dferes Team zu werden. Wemigrants versucht, Migranten in Deutschland und manchmal auch in anderen L\u00e4ndern \u00fcber Themen zu informieren, die zu einer besseren Integration in das Gastland beitragen k\u00f6nnten. Das Team besteht aus:<\/p>\n\n<ul class=\"wp-block-list\">\n<li>Seedy Saidykhan, Seedy[at]wemigrants.com<\/li>\n\n\n\n<li>Thomas Tziros, tom[at]wemigrants.com<\/li>\n<\/ul>\n\n<p>Die verantwortliche Stelle f\u00fcr die Datenverarbeitung auf dieser Website ist:<\/p>\n\n<p><strong>WE Migrants (Private Initiative)<\/strong><\/p>\n\n<p>Alexanderstr. 287 <\/p>\n\n<p>26127 Oldenburg <\/p>\n\n<p>Vertreten durch:<\/p>\n\n<p>Seedy Saidykhan und<\/p>\n\n<p>Thomas Tziros. <\/p>\n\n<p>E-Mail: we@wemigrants.de<\/p>\n\n<h2 class=\"wp-block-heading\">Welche pers\u00f6nlichen Daten wir sammeln und warum wir sie sammeln<\/h2>\n\n<h3 class=\"wp-block-heading\">Kommentare<\/h3>\n\n<p>Wenn Besucher Kommentare auf der Website hinterlassen, erfassen wir normalerweise die im Kommentarformular angezeigten Daten sowie die IP-Adresse des Besuchers und die Zeichenfolge des Browser-Benutzeragenten, um die Spam-Erkennung zu unterst\u00fctzen. Wir haben jedoch die Kommentarfunktion deaktiviert und bevorzugen, dass unsere Diskussion fortgesetzt wird unsere Facebook-Seite<\/p>\n\n<p><\/p>\n\n<h3 class=\"wp-block-heading\">Medien<\/h3>\n\n<p>Wenn Sie Bilder auf die Website hochladen, sollten Sie das Hochladen mit eingebetteten Standortdaten (EXIF GPS) vermeiden. Besucher der Website k\u00f6nnen Standortdaten von Bildern auf der Website herunterladen und extrahieren. Bei den von uns verwendeten Mediendateien handelt es sich entweder um unsere oder um kostenlose Dateien unter CC-BY-Lizenz. Dies gilt auch f\u00fcr alle unsere Medienprodukte auf dieser Website.<\/p>\n\n<h3 class=\"wp-block-heading\">Kontaktformulare<\/h3>\n\n<h3 class=\"wp-block-heading\">Cookies<\/h3>\n\n<p>Wenn Sie auf unserer Website einen Kommentar hinterlassen, k\u00f6nnen Sie Ihren Namen, Ihre E-Mail-Adresse und Ihre Website in Cookies speichern. Diese dienen Ihrer Bequemlichkeit, damit Sie Ihre Daten nicht erneut eingeben m\u00fcssen, wenn Sie einen weiteren Kommentar hinterlassen. Diese Cookies halten ein Jahr lang.<\/p>\n\n<p>Wenn Sie unsere Anmeldeseite besuchen, setzen wir ein tempor\u00e4res Cookie, um festzustellen, ob Ihr Browser Cookies akzeptiert. Dieses Cookie enth\u00e4lt keine pers\u00f6nlichen Daten und wird beim Schlie\u00dfen Ihres Browsers verworfen.<\/p>\n\n<p>Wenn Sie sich anmelden, richten wir auch mehrere Cookies ein, um Ihre Anmeldeinformationen und Ihre Auswahlm\u00f6glichkeiten f\u00fcr die Bildschirmanzeige zu speichern. Anmelde-Cookies halten zwei Tage und Cookies f\u00fcr Bildschirmoptionen ein Jahr. Wenn Sie &#8220;Angemeldet bleiben&#8221; ausw\u00e4hlen, bleibt Ihr Login zwei Wochen lang bestehen. Wenn Sie sich von Ihrem Konto abmelden, werden die Anmelde-Cookies entfernt.<\/p>\n\n<p>Wenn Sie einen Artikel bearbeiten oder ver\u00f6ffentlichen, wird ein zus\u00e4tzliches Cookie in Ihrem Browser gespeichert. Dieses Cookie enth\u00e4lt keine pers\u00f6nlichen Daten und gibt lediglich die Post-ID des Artikels an, den Sie gerade bearbeitet haben. Es l\u00e4uft nach 1 Tag ab.<\/p>\n\n<p>Im Moment werden solche Berechtigungen unseren Lesern \/ Zuschauern nicht erteilt<\/p>\n\n<h3 class=\"wp-block-heading\">Eingebettete Inhalte von anderen Websites<\/h3>\n\n<p>Artikel auf dieser Website k\u00f6nnen eingebetteten Inhalt enthalten (z. B. Videos, Bilder, Artikel usw.). Eingebettete Inhalte von anderen Websites verhalten sich genauso, als h\u00e4tte der Besucher die andere Website besucht.<\/p>\n\n<p>Diese Websites sammeln m\u00f6glicherweise Daten \u00fcber Sie, verwenden Cookies, binden zus\u00e4tzliches Tracking von Drittanbietern ein und \u00fcberwachen Ihre Interaktion mit diesen eingebetteten Inhalten, einschlie\u00dflich der Verfolgung Ihrer Interaktion mit den eingebetteten Inhalten, wenn Sie \u00fcber ein Konto verf\u00fcgen und auf dieser Website angemeldet sind.<\/p>\n\n<ul class=\"wp-block-list\">\n<li><strong>YouTube \u00a0mit erweitertem Datenschutz<\/strong><\/li>\n<\/ul>\n\n<blockquote class=\"wp-block-quote is-layout-flow wp-block-quote-is-layout-flow\">\n<p>Diese Website bindet Videos der Website YouTube ein. Betreiber der Seiten ist die Google Ireland Limited (\u201eGoogle\u201c), Gordon House, Barrow Street, Dublin 4, Irland.&#13;\n&#13;\nWir nutzen YouTube im erweiterten Datenschutzmodus. Dieser Modus bewirkt laut YouTube, dass YouTube keine Informationen \u00fcber die Besucher auf dieser Website speichert, bevor diese sich das Video ansehen. Sobald Sie ein YouTube-Video auf dieser Website starten, wird eine Verbindung zu den Servern von YouTube hergestellt. Dabei wird dem YouTube-Server mitgeteilt, welche unserer Seiten Sie besucht haben.<\/p>\n<\/blockquote>\n\n<h3 class=\"wp-block-heading\">Analytik<\/h3>\n\n<h2 class=\"wp-block-heading\">Mit wem wir Ihre Daten teilen<\/h2>\n\n<p>Wir geben unsere Daten an niemanden weiter. Die einzigen Cookies, die wir verwenden, sind die f\u00fcr Google Analytics erforderlichen<\/p>\n\n<p><strong>Google Analytics<\/strong><\/p>\n\n<p>Diese Website nutzt Funktionen des Webanalysedienstes Google Analytics. Anbieter ist die Google Ireland Limited (\u201eGoogle\u201c), Gordon House, Barrow Street, Dublin 4, Irland. Google Analytics verwendet sog. \u201eCookies\u201c. Das sind Textdateien, die auf Ihrem Computer gespeichert werden und die eine Analyse der Benutzung der Website durch Sie erm\u00f6glichen. Die durch den Cookie erzeugten Informationen \u00fcber Ihre Benutzung dieser Website werden in der Regel an einen Server von Google in den USA \u00fcbertragen und dort gespeichert.<\/p>\n\n<p><\/p>\n\n<h2 class=\"wp-block-heading\">Wie lange speichern wir Ihre Daten?<\/h2>\n\n<p>Wenn Sie einen Kommentar hinterlassen, bleiben der Kommentar und seine Metadaten auf unbestimmte Zeit erhalten. Auf diese Weise k\u00f6nnen wir Folgekommentare automatisch erkennen und genehmigen, anstatt sie in einer Moderationswarteschlange zu halten.<\/p>\n\n<p>F\u00fcr Benutzer, die sich auf unserer Website registrieren (falls vorhanden), speichern wir auch die von ihnen angegebenen pers\u00f6nlichen Informationen in ihrem Benutzerprofil. Alle Benutzer k\u00f6nnen ihre pers\u00f6nlichen Daten jederzeit anzeigen, bearbeiten oder l\u00f6schen (au\u00dfer sie k\u00f6nnen ihren Benutzernamen nicht \u00e4ndern). Website-Administratoren k\u00f6nnen diese Informationen auch anzeigen und bearbeiten.<\/p>\n\n<h2 class=\"wp-block-heading\">Welche Rechte haben Sie an Ihren Daten?<\/h2>\n\n<p>Wenn Sie ein Konto auf dieser Website haben oder Kommentare hinterlassen haben, k\u00f6nnen Sie eine exportierte Datei der pers\u00f6nlichen Daten anfordern, die wir \u00fcber Sie gespeichert haben, einschlie\u00dflich aller Daten, die Sie uns zur Verf\u00fcgung gestellt haben. Sie k\u00f6nnen auch verlangen, dass wir alle pers\u00f6nlichen Daten l\u00f6schen, die wir \u00fcber Sie gespeichert haben. Dies schlie\u00dft keine Daten ein, die wir zu administrativen, rechtlichen oder Sicherheitszwecken aufbewahren m\u00fcssen.<\/p>\n\n<h2 class=\"wp-block-heading\">Wohin wir Ihre Daten senden<\/h2>\n\n<p>Besucherkommentare k\u00f6nnen \u00fcber einen automatisierten Spam-Erkennungsdienst \u00fcberpr\u00fcft werden.<\/p>\n\n<h2 class=\"wp-block-heading\">Ihre Kontaktinformationen<\/h2>\n\n<p>Die einzigen Kontaktinformationen, die wir haben, sind die, die Sie hinterlassen, wenn Sie unserem Newsletter zustimmen oder wenn Sie das Kontaktformular ausf\u00fcllen.<\/p>\n\n<h2 class=\"wp-block-heading\">Zus\u00e4tzliche Information<\/h2>\n\n<h3 class=\"wp-block-heading\">Wie wir Ihre Daten sch\u00fctzen<\/h3>\n\n<p>Im Moment speichern wir keine Daten, da unser Newsletter noch nicht in Betrieb ist. Dieser Abschnitt wird aktualisiert, wenn unser Newsletter online geht<\/p>\n\n<h3 class=\"wp-block-heading\">Welche Verfahren f\u00fcr Datenschutzverletzungen haben wir eingerichtet?<\/h3>\n\n<p>Da das einzige, was wir in Zukunft behalten werden, Ihre E-Mail-Adresse ohne Anmeldedaten ist, werden wir die Benutzer nur im Falle eines Datenversto\u00dfes informieren<\/p>\n\n<h3 class=\"wp-block-heading\">Von welchen Dritten erhalten wir Daten?<\/h3>\n\n<p>Wir erhalten keine Daten von Dritten<\/p>\n\n<h3 class=\"wp-block-heading\">Welche automatisierte Entscheidungsfindung und \/ oder Profilerstellung machen wir mit Benutzerdaten?<\/h3>\n\n<p>wir haben keine<\/p>\n\n<h3 class=\"wp-block-heading\">Hinweis zu externen Inhalten und privaten Projekten<\/h3>\n\n<p>Wir weisen ausdr\u00fccklich darauf hin, dass einzelne Teammitglieder an unabh\u00e4ngigen, externen Projekten beteiligt sein k\u00f6nnen (wie z. B. der \u201eSeedyShow\u201c). Diese Projekte werden auf eigenen Domains betrieben und sind nicht Bestandteil der Initiative WE Migrants. Diese Datenschutzerkl\u00e4rung erstreckt sich nicht auf externe Webseiten oder private Sendungen, die von Teammitgliedern au\u00dferhalb dieser Plattform verwaltet werden.<\/p>\n\n<p><\/p>\n","protected":false},"excerpt":{"rendered":"<p>Wer wir sind Wemigrants.de ist derzeit nur eine Plattform keine Unternehmen oder Verein. Im Moment sind wir ein kleines Team von zwei Personen, die versuchen, die Plattform zu leiten, um ein gr\u00f6\u00dferes Team zu werden. [&hellip;]<\/p>\n","protected":false},"author":1,"featured_media":0,"parent":0,"menu_order":0,"comment_status":"closed","ping_status":"open","template":"","meta":{"footnotes":""},"class_list":["post-502","page","type-page","status-publish","hentry"],"jetpack-related-posts":[],"jetpack_sharing_enabled":true,"_links":{"self":[{"href":"https:\/\/wemigrants.com\/index.php\/wp-json\/wp\/v2\/pages\/502","targetHints":{"allow":["GET"]}}],"collection":[{"href":"https:\/\/wemigrants.com\/index.php\/wp-json\/wp\/v2\/pages"}],"about":[{"href":"https:\/\/wemigrants.com\/index.php\/wp-json\/wp\/v2\/types\/page"}],"author":[{"embeddable":true,"href":"https:\/\/wemigrants.com\/index.php\/wp-json\/wp\/v2\/users\/1"}],"replies":[{"embeddable":true,"href":"https:\/\/wemigrants.com\/index.php\/wp-json\/wp\/v2\/comments?post=502"}],"version-history":[{"count":2,"href":"https:\/\/wemigrants.com\/index.php\/wp-json\/wp\/v2\/pages\/502\/revisions"}],"predecessor-version":[{"id":1696,"href":"https:\/\/wemigrants.com\/index.php\/wp-json\/wp\/v2\/pages\/502\/revisions\/1696"}],"wp:attachment":[{"href":"https:\/\/wemigrants.com\/index.php\/wp-json\/wp\/v2\/media?parent=502"}],"curies":[{"name":"wp","href":"https:\/\/api.w.org\/{rel}","templated":true}]}}